{"id":2,"date":"2015-12-01T19:08:45","date_gmt":"2015-12-01T18:08:45","guid":{"rendered":"http:\/\/cosia.fr\/?page_id=2"},"modified":"2016-01-20T20:02:52","modified_gmt":"2016-01-20T19:02:52","slug":"page-d-exemple","status":"publish","type":"page","link":"https:\/\/cosia.fr\/","title":{"rendered":"Accueil"},"content":{"rendered":"<h1 style=\"text-align: center;\"><span style=\"text-decoration: underline;\"><strong><span style=\"color: #8c4848;\"><a style=\"color: #8c4848; text-decoration: underline;\" href=\"https:\/\/cosia.fr\/wp\/wp-content\/uploads\/Docs\/Plaquette-COSIA-A4.pdf\" target=\"_blank\">Lien de t\u00e9l\u00e9chargement de notre pr\u00e9sentation<\/a><\/span><\/strong><\/span><\/h1>\n<p><a href=\"https:\/\/cosia.fr\/wp\/wp-content\/uploads\/Docs\/Plaquette-COSIA-A4.pdf\" target=\"_blank\"><img loading=\"lazy\" class=\"aligncenter wp-image-17\" src=\"https:\/\/cosia.fr\/wp\/wp-content\/uploads\/2015\/12\/Image-pour-site1-300x151.jpg\" alt=\"Image pour site\" width=\"645\" height=\"325\" srcset=\"https:\/\/cosia.fr\/wp\/wp-content\/uploads\/2015\/12\/Image-pour-site1-300x151.jpg 300w, https:\/\/cosia.fr\/wp\/wp-content\/uploads\/2015\/12\/Image-pour-site1.jpg 597w\" sizes=\"(max-width: 645px) 100vw, 645px\" \/><\/a><\/p>\n","protected":false},"excerpt":{"rendered":"<p>Lien de t\u00e9l\u00e9chargement de notre pr\u00e9sentation<\/p>\n","protected":false},"author":1,"featured_media":0,"parent":0,"menu_order":0,"comment_status":"closed","ping_status":"closed","template":"","meta":[],"_links":{"self":[{"href":"https:\/\/cosia.fr\/index.php\/wp-json\/wp\/v2\/pages\/2"}],"collection":[{"href":"https:\/\/cosia.fr\/index.php\/wp-json\/wp\/v2\/pages"}],"about":[{"href":"https:\/\/cosia.fr\/index.php\/wp-json\/wp\/v2\/types\/page"}],"author":[{"embeddable":true,"href":"https:\/\/cosia.fr\/index.php\/wp-json\/wp\/v2\/users\/1"}],"replies":[{"embeddable":true,"href":"https:\/\/cosia.fr\/index.php\/wp-json\/wp\/v2\/comments?post=2"}],"version-history":[{"count":21,"href":"https:\/\/cosia.fr\/index.php\/wp-json\/wp\/v2\/pages\/2\/revisions"}],"predecessor-version":[{"id":258,"href":"https:\/\/cosia.fr\/index.php\/wp-json\/wp\/v2\/pages\/2\/revisions\/258"}],"wp:attachment":[{"href":"https:\/\/cosia.fr\/index.php\/wp-json\/wp\/v2\/media?parent=2"}],"curies":[{"name":"wp","href":"https:\/\/api.w.org\/{rel}","templated":true}]}}