{"id":60,"date":"2015-12-10T11:21:57","date_gmt":"2015-12-10T10:21:57","guid":{"rendered":"http:\/\/cosia.fr\/?page_id=60"},"modified":"2016-01-06T18:18:10","modified_gmt":"2016-01-06T17:18:10","slug":"architecture-du-systeme-dinformation","status":"publish","type":"page","link":"https:\/\/cosia.fr\/index.php\/page-d-exemple\/nos-services\/architecture-du-systeme-dinformation\/","title":{"rendered":"L&rsquo;architecture du Syst\u00e8me d\u2019Information"},"content":{"rendered":"<p>&nbsp;<\/p>\n<h4 style=\"text-align: left;\">Aide \u00e0 l\u2019exploitation\u00a0de vos logiciels, syst\u00e8mes\u00a0et \u00e0 leurs migrations<\/h4>\n<p style=\"padding-left: 30px; text-align: left;\">Applications (Client, Serveur, Cloud) \u2022 Base de donn\u00e9es \u2022 Traitements \u2022 Interfaces<\/p>\n<h4 style=\"text-align: left;\">Coordination pour\u00a0le d\u00e9ploiement et l\u2019\u00e9volution\u00a0des infrastructures<\/h4>\n<p style=\"padding-left: 30px; text-align: left;\">Serveurs \u2022 Moyens de t\u00e9l\u00e9communication \u2022 R\u00e9seaux<\/p>\n<p style=\"padding-left: 30px; text-align: left;\">S\u00e9curit\u00e9, parc d\u2019ordinateurs, p\u00e9riph\u00e9riques et instruments<\/p>\n<p>&nbsp;<\/p>\n<p style=\"text-align: left;\"><a href=\"https:\/\/cosia.fr\/index.php\/page-d-exemple\/nos-services\/pilotage-et-coordination-de-projets\/\" rel=\"attachment wp-att-34\"><img loading=\"lazy\" class=\"alignleft wp-image-37\" src=\"https:\/\/cosia.fr\/wp\/wp-content\/uploads\/2015\/12\/Fotolia_94534728_S-150x150.jpg\" alt=\"Fotolia_94534728_S\" width=\"93\" height=\"93\" \/><\/a> <a href=\"https:\/\/cosia.fr\/index.php\/page-d-exemple\/nos-services\/maitrise-d-oeuvre\/\"><img loading=\"lazy\" class=\"alignleft wp-image-34\" src=\"https:\/\/cosia.fr\/wp\/wp-content\/uploads\/2015\/12\/Fotolia_51282174_S-150x150.jpg\" alt=\"Fotolia_51282174_S\" width=\"93\" height=\"93\" \/><\/a> <a href=\"https:\/\/cosia.fr\/index.php\/page-d-exemple\/nos-services\/architecture-du-systeme-dinformation\/\" rel=\"attachment wp-att-35\"><img loading=\"lazy\" class=\"wp-image-35 alignleft\" src=\"https:\/\/cosia.fr\/wp\/wp-content\/uploads\/2015\/12\/Fotolia_75574180_S-150x150.jpg\" alt=\"\" width=\"93\" height=\"93\" \/><\/a><\/p>\n","protected":false},"excerpt":{"rendered":"<p>&nbsp; Aide \u00e0 l\u2019exploitation\u00a0de vos logiciels, syst\u00e8mes\u00a0et \u00e0 leurs migrations Applications (Client, Serveur, Cloud) \u2022 Base de donn\u00e9es \u2022 Traitements \u2022 Interfaces Coordination pour\u00a0le d\u00e9ploiement et l\u2019\u00e9volution\u00a0des infrastructures Serveurs \u2022 Moyens de t\u00e9l\u00e9communication \u2022 R\u00e9seaux S\u00e9curit\u00e9, parc d\u2019ordinateurs, p\u00e9riph\u00e9riques et instruments &nbsp;<\/p>\n","protected":false},"author":1,"featured_media":0,"parent":51,"menu_order":0,"comment_status":"closed","ping_status":"closed","template":"template-full-width.php","meta":[],"_links":{"self":[{"href":"https:\/\/cosia.fr\/index.php\/wp-json\/wp\/v2\/pages\/60"}],"collection":[{"href":"https:\/\/cosia.fr\/index.php\/wp-json\/wp\/v2\/pages"}],"about":[{"href":"https:\/\/cosia.fr\/index.php\/wp-json\/wp\/v2\/types\/page"}],"author":[{"embeddable":true,"href":"https:\/\/cosia.fr\/index.php\/wp-json\/wp\/v2\/users\/1"}],"replies":[{"embeddable":true,"href":"https:\/\/cosia.fr\/index.php\/wp-json\/wp\/v2\/comments?post=60"}],"version-history":[{"count":24,"href":"https:\/\/cosia.fr\/index.php\/wp-json\/wp\/v2\/pages\/60\/revisions"}],"predecessor-version":[{"id":215,"href":"https:\/\/cosia.fr\/index.php\/wp-json\/wp\/v2\/pages\/60\/revisions\/215"}],"up":[{"embeddable":true,"href":"https:\/\/cosia.fr\/index.php\/wp-json\/wp\/v2\/pages\/51"}],"wp:attachment":[{"href":"https:\/\/cosia.fr\/index.php\/wp-json\/wp\/v2\/media?parent=60"}],"curies":[{"name":"wp","href":"https:\/\/api.w.org\/{rel}","templated":true}]}}